{"id":44,"date":"2025-02-28T12:38:46","date_gmt":"2025-02-28T12:38:46","guid":{"rendered":"https:\/\/homedoctormaroc.com\/?page_id=44"},"modified":"2025-03-03T13:32:48","modified_gmt":"2025-03-03T13:32:48","slug":"apropos","status":"publish","type":"page","link":"https:\/\/homedoctormaroc.com\/?page_id=44","title":{"rendered":"A propos"},"content":{"rendered":"\n<div class=\"wp-block-cover alignfull\" style=\"margin-top:0;margin-bottom:0;padding-bottom:20vh;min-height:100vh;aspect-ratio:unset;\"><span aria-hidden=\"true\" class=\"wp-block-cover__background has-background-dim-40 has-background-dim\" style=\"background-color:#3f4a49\"><\/span><img decoding=\"async\" class=\"wp-block-cover__image-background wp-image-74\" alt=\"\" src=\"https:\/\/homedoctormaroc.com\/wp-content\/uploads\/2025\/03\/pexels-thirdman-7659572-1-scaled.jpg\" data-object-fit=\"cover\"\/><div class=\"wp-block-cover__inner-container has-global-padding is-layout-constrained wp-container-core-cover-is-layout-afcc7dbe wp-block-cover-is-layout-constrained\">\n<div class=\"wp-block-columns is-layout-flex wp-container-core-columns-is-layout-28f84493 wp-block-columns-is-layout-flex\">\n<div class=\"wp-block-column is-layout-flow wp-block-column-is-layout-flow\">\n<h2 class=\"wp-block-heading has-text-align-center has-text-color\" style=\"color:#ffffff;margin-top:60px;margin-bottom:0px;font-size:clamp(29.768px, 1.861rem + ((1vw - 3.2px) * 2.526), 52px);font-style:normal;font-weight:400;line-height:1.2\">Des Soins M\u00e9dicaux \u00e0 Domicile, Pour Vous!<\/h2>\n<\/div>\n<\/div>\n<\/div><\/div>\n\n\n\n<div class=\"wp-block-cover alignfull is-light\" style=\"margin-top:0;margin-bottom:0;padding-top:0;padding-bottom:0\"><span aria-hidden=\"true\" class=\"wp-block-cover__background has-base-background-color has-background-dim-0 has-background-dim\"><\/span><div class=\"wp-block-cover__inner-container has-global-padding is-layout-constrained wp-container-core-cover-is-layout-2d4dec71 wp-block-cover-is-layout-constrained\">\n<div class=\"wp-block-columns is-layout-flex wp-container-core-columns-is-layout-339ee34f wp-block-columns-is-layout-flex\" style=\"margin-top:120px;margin-bottom:76px\">\n<div class=\"wp-block-column is-vertically-aligned-center is-layout-flow wp-block-column-is-layout-flow\">\n<h2 class=\"wp-block-heading has-text-color\" style=\"color:#000000;margin-bottom:40px;font-size:clamp(27.894px, 1.743rem + ((1vw - 3.2px) * 2.285), 48px);line-height:1.2\">Nos Valeurs: Soins, Confiance, Accessibilit\u00e9<\/h2>\n\n\n\n<p class=\"has-text-color has-link-color wp-elements-f66473bfaee01c46f333ac937ed47c10\" style=\"color:#000000;font-size:clamp(14.642px, 0.915rem + ((1vw - 3.2px) * 0.836), 22px);line-height:1.6\">Chez nous, chaque consultation m\u00e9dicale \u00e0 domicile est une promesse de qualit\u00e9 et de compassion. Nous croyons fermement que les soins doivent \u00eatre accessibles \u00e0 tous. Notre \u00e9quipe d\u00e9vou\u00e9e s\u02bcengage \u00e0 offrir des services personnalis\u00e9s, adapt\u00e9s \u00e0 vos besoins. Nous mettons un point d\u02bchonneur \u00e0 \u00e9tablir une relation de confiance avec nos patients. Ensemble, nous transformons la mani\u00e8re dont vous vivez vos soins de sant\u00e9, tout en vous apportant confort et tranquillit\u00e9 d\u02bcesprit.<\/p>\n<\/div>\n\n\n\n<div class=\"wp-block-column is-layout-flow wp-block-column-is-layout-flow\">\n<figure class=\"wp-block-image size-full\"><img decoding=\"async\" src=\"https:\/\/homedoctormaroc.com\/wp-content\/uploads\/2025\/03\/pexels-karolina-grabowska-5207103-scaled.jpg\" alt=\"\" class=\"wp-image-75\" style=\"aspect-ratio:1;object-fit:cover\"\/><\/figure>\n<\/div>\n<\/div>\n\n\n\n<div class=\"wp-block-columns is-layout-flex wp-container-core-columns-is-layout-cbd76db7 wp-block-columns-is-layout-flex\" style=\"margin-top:0px;margin-bottom:120px\">\n<div class=\"wp-block-column is-layout-flow wp-block-column-is-layout-flow\">\n<figure class=\"wp-block-image size-full\"><img fetchpriority=\"high\" decoding=\"async\" width=\"1920\" height=\"1080\" src=\"https:\/\/homedoctormaroc.com\/wp-content\/uploads\/2025\/03\/online-marketing-hIgeoQjS_iE-unsplash-scaled.webp\" alt=\"\" class=\"wp-image-77\" style=\"aspect-ratio:4\/3;object-fit:cover\" srcset=\"https:\/\/homedoctormaroc.com\/wp-content\/uploads\/2025\/03\/online-marketing-hIgeoQjS_iE-unsplash-scaled.webp 1920w, https:\/\/homedoctormaroc.com\/wp-content\/uploads\/2025\/03\/online-marketing-hIgeoQjS_iE-unsplash-300x169.webp 300w, https:\/\/homedoctormaroc.com\/wp-content\/uploads\/2025\/03\/online-marketing-hIgeoQjS_iE-unsplash-1024x576.webp 1024w, https:\/\/homedoctormaroc.com\/wp-content\/uploads\/2025\/03\/online-marketing-hIgeoQjS_iE-unsplash-768x432.webp 768w, https:\/\/homedoctormaroc.com\/wp-content\/uploads\/2025\/03\/online-marketing-hIgeoQjS_iE-unsplash-1536x864.webp 1536w\" sizes=\"(max-width: 1920px) 100vw, 1920px\" \/><\/figure>\n<\/div>\n\n\n\n<div class=\"wp-block-column is-vertically-aligned-center is-layout-flow wp-block-column-is-layout-flow\">\n<h2 class=\"wp-block-heading has-text-color\" style=\"color:#000000;margin-bottom:40px;font-size:clamp(29.768px, 1.861rem + ((1vw - 3.2px) * 2.526), 52px);line-height:1.2\">Notre Mission<\/h2>\n\n\n\n<p class=\"has-text-color\" style=\"color:#000000;margin-bottom:96px;font-size:clamp(16.834px, 1.052rem + ((1vw - 3.2px) * 1.042), 26px);line-height:1.6\">Notre mission est simple : offrir des soins m\u00e9dicaux \u00e0 domicile accessibles, personnalis\u00e9s et de qualit\u00e9, pour que chaque patient se sente \u00e9cout\u00e9 et pris en charge dans le confort de son foyer.<\/p>\n\n\n\n<div class=\"wp-block-buttons is-content-justification-left is-layout-flex wp-container-core-buttons-is-layout-fc4fd283 wp-block-buttons-is-layout-flex\"><\/div>\n<\/div>\n<\/div>\n<\/div><\/div>\n\n\n\n<div class=\"wp-block-cover alignfull is-light has-custom-body-text-color-color has-text-color\" style=\"margin-top:0px;margin-bottom:0px;padding-top:0px;padding-bottom:96px;font-style:normal;font-weight:400\"><span aria-hidden=\"true\" class=\"wp-block-cover__background has-base-background-color has-background-dim-0 has-background-dim\"><\/span><div class=\"wp-block-cover__inner-container has-global-padding is-layout-constrained wp-container-core-cover-is-layout-37aa1daa wp-block-cover-is-layout-constrained\">\n<h2 class=\"wp-block-heading has-text-align-center has-text-color\" style=\"color:#000000;margin-bottom:112px;font-size:clamp(29.768px, 1.861rem + ((1vw - 3.2px) * 2.526), 52px);font-style:normal;font-weight:400;line-height:1.6\">Nos Services<\/h2>\n\n\n\n<div class=\"wp-block-columns is-layout-flex wp-container-core-columns-is-layout-d9c1af0b wp-block-columns-is-layout-flex\" style=\"margin-top:0;margin-bottom:128px;padding-top:0;padding-bottom:0\">\n<div class=\"wp-block-column is-layout-flow wp-block-column-is-layout-flow\">\n<h3 class=\"wp-block-heading has-text-color\" style=\"color:#000000;font-size:clamp(23.043px, 1.44rem + ((1vw - 3.2px) * 1.7), 38px);font-style:normal;font-weight:400;line-height:1.6\">Consultations G\u00e9n\u00e9rales<\/h3>\n<\/div>\n\n\n\n<div class=\"wp-block-column is-layout-flow wp-block-column-is-layout-flow\">\n<p class=\"has-text-color\" style=\"color:#0f0f0f;font-size:clamp(14px, 0.875rem + ((1vw - 3.2px) * 0.455), 18px);line-height:1.6\">Nos consultations g\u00e9n\u00e9rales \u00e0 domicile vous offrent un examen complet de votre sant\u00e9. Notre m\u00e9decin prend le temps de vous \u00e9couter, de r\u00e9pondre \u00e0 vos questions et de vous donner des conseils adapt\u00e9s \u00e0 vos besoins.<\/p>\n\n\n\n<p class=\"has-text-color has-link-color wp-elements-978b55523e523cf81f20571b53ac770f\" style=\"color:#000000;font-size:clamp(14px, 0.875rem + ((1vw - 3.2px) * 0.455), 18px);line-height:1.6\"><\/p>\n<\/div>\n<\/div>\n\n\n\n<div class=\"wp-block-columns is-layout-flex wp-container-core-columns-is-layout-d9c1af0b wp-block-columns-is-layout-flex\" style=\"margin-top:0;margin-bottom:128px;padding-top:0;padding-bottom:0\">\n<div class=\"wp-block-column is-layout-flow wp-block-column-is-layout-flow\">\n<h3 class=\"wp-block-heading has-text-color\" style=\"color:#000000;font-size:clamp(23.043px, 1.44rem + ((1vw - 3.2px) * 1.7), 38px);font-style:normal;font-weight:400;line-height:1.5\">Soins Sp\u00e9cialis\u00e9s<\/h3>\n<\/div>\n\n\n\n<div class=\"wp-block-column is-layout-flow wp-block-column-is-layout-flow\">\n<p class=\"has-text-color\" style=\"color:#000000;font-size:clamp(14px, 0.875rem + ((1vw - 3.2px) * 0.455), 18px);line-height:1.6\">Nos soins sp\u00e9cialis\u00e9s \u00e0 domicile sont con\u00e7us pour r\u00e9pondre \u00e0 des besoins m\u00e9dicaux sp\u00e9cifiques, comme la gestion des maladies chroniques. Notre \u00e9quipe qualifi\u00e9e vous accompagne avec expertise et bienveillance.<\/p>\n\n\n\n<p class=\"has-text-color has-link-color wp-elements-950d514023aa532c0048f7ede54469c9\" style=\"color:#000000;font-size:clamp(14px, 0.875rem + ((1vw - 3.2px) * 0.455), 18px);line-height:1.6\"><\/p>\n<\/div>\n<\/div>\n\n\n\n<div class=\"wp-block-columns is-layout-flex wp-container-core-columns-is-layout-d9c1af0b wp-block-columns-is-layout-flex\" style=\"margin-top:0;margin-bottom:128px;padding-top:0;padding-bottom:0\">\n<div class=\"wp-block-column is-layout-flow wp-block-column-is-layout-flow\">\n<h3 class=\"wp-block-heading has-text-color\" style=\"color:#000000;font-size:clamp(23.043px, 1.44rem + ((1vw - 3.2px) * 1.7), 38px);font-style:normal;font-weight:400;line-height:1.6\">Suivi Post-Op\u00e9ratoire<\/h3>\n<\/div>\n\n\n\n<div class=\"wp-block-column is-layout-flow wp-block-column-is-layout-flow\">\n<p class=\"has-text-color\" style=\"color:#000000;font-size:clamp(14px, 0.875rem + ((1vw - 3.2px) * 0.455), 18px);line-height:1.6\">Notre suivi post-op\u00e9ratoire \u00e0 domicile permet une r\u00e9cup\u00e9ration sereine. Nous v\u00e9rifions vos incisions, ajustons votre traitement et r\u00e9pondons \u00e0 toutes vos pr\u00e9occupations, tout en vous offrant un soutien personnalis\u00e9.<\/p>\n\n\n\n<p class=\"has-text-color has-link-color wp-elements-950d514023aa532c0048f7ede54469c9\" style=\"color:#000000;font-size:clamp(14px, 0.875rem + ((1vw - 3.2px) * 0.455), 18px);line-height:1.6\"><\/p>\n<\/div>\n<\/div>\n\n\n\n<div class=\"wp-block-columns is-layout-flex wp-container-core-columns-is-layout-a4f54ffb wp-block-columns-is-layout-flex\" style=\"margin-top:0;margin-bottom:0px;padding-top:0;padding-bottom:0\">\n<div class=\"wp-block-column is-layout-flow wp-block-column-is-layout-flow\">\n<h3 class=\"wp-block-heading has-text-color\" style=\"color:#000000;font-size:clamp(23.043px, 1.44rem + ((1vw - 3.2px) * 1.7), 38px);font-style:normal;font-weight:400;line-height:1.5\">Pr\u00e9vention Sant\u00e9<\/h3>\n<\/div>\n\n\n\n<div class=\"wp-block-column is-layout-flow wp-block-column-is-layout-flow\">\n<p class=\"has-text-color\" style=\"color:#000000;font-size:clamp(14px, 0.875rem + ((1vw - 3.2px) * 0.455), 18px);line-height:1.6\">Notre service de pr\u00e9vention sant\u00e9 \u00e0 domicile vise \u00e0 promouvoir votre bien-\u00eatre. Nous offrons des conseils sur la nutrition, l\u02bcexercice et les d\u00e9pistages, afin de vous aider \u00e0 rester en bonne sant\u00e9 et actif.<\/p>\n\n\n\n<p class=\"has-text-color has-link-color wp-elements-950d514023aa532c0048f7ede54469c9\" style=\"color:#000000;font-size:clamp(14px, 0.875rem + ((1vw - 3.2px) * 0.455), 18px);line-height:1.6\"><\/p>\n<\/div>\n<\/div>\n<\/div><\/div>\n\n\n\n<div class=\"wp-block-cover alignwide is-light has-text-color has-link-color wp-elements-2a3ca77a9e815ffe54dabf65127a1b8c\" style=\"color:#000000;margin-bottom:120px;padding-top:96px;padding-bottom:120px\"><span aria-hidden=\"true\" class=\"wp-block-cover__background has-background-dim-100 has-background-dim\" style=\"background-color:#dcd9d0\"><\/span><div class=\"wp-block-cover__inner-container has-global-padding is-layout-constrained wp-container-core-cover-is-layout-a7d272a6 wp-block-cover-is-layout-constrained\">\n<div class=\"wp-block-columns is-layout-flex wp-container-core-columns-is-layout-e96d03bb wp-block-columns-is-layout-flex\">\n<div class=\"wp-block-column is-layout-flow wp-block-column-is-layout-flow\" style=\"padding-top:40px\">\n<h2 class=\"wp-block-heading has-text-color\" style=\"color:#000000;margin-bottom:40px;font-size:clamp(29.768px, 1.861rem + ((1vw - 3.2px) * 2.526), 52px);font-style:normal;font-weight:400;line-height:1.2\">Contactez-Nous D\u00e8s Maintenant!<\/h2>\n\n\n\n<p class=\"has-text-color\" style=\"color:#000000;padding-right:46px;font-size:clamp(14px, 0.875rem + ((1vw - 3.2px) * 0.455), 18px);line-height:1.6\">Votre sant\u00e9 m\u00e9rite notre attention. \u00c9crivez-nous aujourd\u02bchui!<\/p>\n\n\n\n<p class=\"has-text-color\" style=\"color:#000000;padding-right:46px;font-size:clamp(14px, 0.875rem + ((1vw - 3.2px) * 0.455), 18px);line-height:1.6\">N\u02bcattendez plus pour recevoir les soins que vous m\u00e9ritez! Remplissez notre formulaire et laissez-nous vous aider \u00e0 am\u00e9liorer votre sant\u00e9.<\/p>\n<\/div>\n\n\n\n<div class=\"wp-block-column is-layout-flow wp-block-column-is-layout-flow\" style=\"flex-basis:50%\">\n<div class=\"wp-block-group has-global-padding is-layout-constrained wp-block-group-is-layout-constrained\" style=\"margin-top:0rem;margin-bottom:0px\"><\/div>\n<\/div>\n<\/div>\n<\/div><\/div>\n\n\n\n<div class=\"wp-block-cover alignfull\" style=\"margin-top:0;margin-bottom:0;padding-top:120px;padding-bottom:120px;min-height:66vh;aspect-ratio:unset;\"><span aria-hidden=\"true\" class=\"wp-block-cover__background has-background-dim-100 has-background-dim\" style=\"background-color:#495a58\"><\/span><div class=\"wp-block-cover__inner-container has-global-padding is-layout-constrained wp-container-core-cover-is-layout-c3ef4dc6 wp-block-cover-is-layout-constrained\">\n<h2 class=\"wp-block-heading has-text-align-center has-text-color\" style=\"color:#ffffff;padding-top:0px;padding-bottom:30px;font-size:clamp(29.768px, 1.861rem + ((1vw - 3.2px) * 2.526), 52px);font-style:normal;font-weight:400;line-height:1.4\">Prenez Contact pour un Suivi Personnalis\u00e9!<\/h2>\n\n\n\n<div class=\"wp-block-buttons is-content-justification-center is-layout-flex wp-container-core-buttons-is-layout-a89b3969 wp-block-buttons-is-layout-flex\">\n<div class=\"wp-block-button has-custom-font-size\" style=\"font-size:clamp(14px, 0.875rem + ((1vw - 3.2px) * 0.227), 16px);font-style:normal;font-weight:400\"><a class=\"wp-block-button__link has-text-color has-background wp-element-button\" href=\"https:\/\/homedoctormaroc.com\/?page_id=48\" style=\"border-style:none;border-width:0px;border-radius:0px;color:#ffffff;background-color:#d4967d;padding-top:24px;padding-right:41px;padding-bottom:24px;padding-left:41px\">Demandez un rendez-vous!<\/a><\/div>\n<\/div>\n<\/div><\/div>\n","protected":false},"excerpt":{"rendered":"","protected":false},"author":1,"featured_media":0,"parent":0,"menu_order":0,"comment_status":"closed","ping_status":"closed","template":"","meta":{"footnotes":""},"class_list":["post-44","page","type-page","status-publish","hentry"],"yoast_head":"<!-- This site is optimized with the Yoast SEO plugin v24.5 - https:\/\/yoast.com\/wordpress\/plugins\/seo\/ -->\n<title>A propos - m\u00e9decin \u00e0 domicile<\/title>\n<meta name=\"robots\" content=\"index, follow, max-snippet:-1, max-image-preview:large, max-video-preview:-1\" \/>\n<link rel=\"canonical\" href=\"https:\/\/homedoctormaroc.com\/?page_id=44\" \/>\n<meta property=\"og:locale\" content=\"fr_FR\" \/>\n<meta property=\"og:type\" content=\"article\" \/>\n<meta property=\"og:title\" content=\"A propos - m\u00e9decin \u00e0 domicile\" \/>\n<meta property=\"og:url\" content=\"https:\/\/homedoctormaroc.com\/?page_id=44\" \/>\n<meta property=\"og:site_name\" content=\"m\u00e9decin \u00e0 domicile\" \/>\n<meta property=\"article:publisher\" content=\"https:\/\/www.facebook.com\/profile.php?id=61573650699563\" \/>\n<meta property=\"article:modified_time\" content=\"2025-03-03T13:32:48+00:00\" \/>\n<meta property=\"og:image\" content=\"https:\/\/homedoctormaroc.com\/wp-content\/uploads\/2025\/03\/pexels-thirdman-7659572-1-scaled.webp\" \/>\n\t<meta property=\"og:image:width\" content=\"1920\" \/>\n\t<meta property=\"og:image:height\" content=\"1280\" \/>\n\t<meta property=\"og:image:type\" content=\"image\/webp\" \/>\n<meta name=\"twitter:card\" content=\"summary_large_image\" \/>\n<meta name=\"twitter:site\" content=\"@Medecinathome\" \/>\n<meta name=\"twitter:label1\" content=\"Dur\u00e9e de lecture estim\u00e9e\" \/>\n\t<meta name=\"twitter:data1\" content=\"2 minutes\" \/>\n<script type=\"application\/ld+json\" class=\"yoast-schema-graph\">{\"@context\":\"https:\/\/schema.org\",\"@graph\":[{\"@type\":\"WebPage\",\"@id\":\"https:\/\/homedoctormaroc.com\/?page_id=44\",\"url\":\"https:\/\/homedoctormaroc.com\/?page_id=44\",\"name\":\"A propos - m\u00e9decin \u00e0 domicile\",\"isPartOf\":{\"@id\":\"https:\/\/homedoctormaroc.com\/#website\"},\"primaryImageOfPage\":{\"@id\":\"https:\/\/homedoctormaroc.com\/?page_id=44#primaryimage\"},\"image\":{\"@id\":\"https:\/\/homedoctormaroc.com\/?page_id=44#primaryimage\"},\"thumbnailUrl\":\"https:\/\/homedoctormaroc.com\/wp-content\/uploads\/2025\/03\/pexels-thirdman-7659572-1-scaled.jpg\",\"datePublished\":\"2025-02-28T12:38:46+00:00\",\"dateModified\":\"2025-03-03T13:32:48+00:00\",\"breadcrumb\":{\"@id\":\"https:\/\/homedoctormaroc.com\/?page_id=44#breadcrumb\"},\"inLanguage\":\"fr-FR\",\"potentialAction\":[{\"@type\":\"ReadAction\",\"target\":[\"https:\/\/homedoctormaroc.com\/?page_id=44\"]}]},{\"@type\":\"ImageObject\",\"inLanguage\":\"fr-FR\",\"@id\":\"https:\/\/homedoctormaroc.com\/?page_id=44#primaryimage\",\"url\":\"https:\/\/homedoctormaroc.com\/wp-content\/uploads\/2025\/03\/pexels-thirdman-7659572-1-scaled.webp\",\"contentUrl\":\"https:\/\/homedoctormaroc.com\/wp-content\/uploads\/2025\/03\/pexels-thirdman-7659572-1-scaled.webp\",\"width\":1920,\"height\":1280},{\"@type\":\"BreadcrumbList\",\"@id\":\"https:\/\/homedoctormaroc.com\/?page_id=44#breadcrumb\",\"itemListElement\":[{\"@type\":\"ListItem\",\"position\":1,\"name\":\"Accueil\",\"item\":\"https:\/\/homedoctormaroc.com\/\"},{\"@type\":\"ListItem\",\"position\":2,\"name\":\"A propos\"}]},{\"@type\":\"WebSite\",\"@id\":\"https:\/\/homedoctormaroc.com\/#website\",\"url\":\"https:\/\/homedoctormaroc.com\/\",\"name\":\"m\u00e9decin \u00e0 domicile Tanger\",\"description\":\"m\u00e9decins \u00e0 domicile\",\"publisher\":{\"@id\":\"https:\/\/homedoctormaroc.com\/#organization\"},\"potentialAction\":[{\"@type\":\"SearchAction\",\"target\":{\"@type\":\"EntryPoint\",\"urlTemplate\":\"https:\/\/homedoctormaroc.com\/?s={search_term_string}\"},\"query-input\":{\"@type\":\"PropertyValueSpecification\",\"valueRequired\":true,\"valueName\":\"search_term_string\"}}],\"inLanguage\":\"fr-FR\"},{\"@type\":\"Organization\",\"@id\":\"https:\/\/homedoctormaroc.com\/#organization\",\"name\":\"24\/7 Doctor at home 0629509550\",\"url\":\"https:\/\/homedoctormaroc.com\/\",\"logo\":{\"@type\":\"ImageObject\",\"inLanguage\":\"fr-FR\",\"@id\":\"https:\/\/homedoctormaroc.com\/#\/schema\/logo\/image\/\",\"url\":\"https:\/\/homedoctormaroc.com\/wp-content\/uploads\/2025\/03\/DALL\u00b7E-2025-03-01-02.58.36-A-modern-logo-for-Doctor-at-Home-featuring-a-green-color-scheme.-The-design-includes-a-stylized-house-integrated-with-a-stethoscope-forming-a-clean.webp\",\"contentUrl\":\"https:\/\/homedoctormaroc.com\/wp-content\/uploads\/2025\/03\/DALL\u00b7E-2025-03-01-02.58.36-A-modern-logo-for-Doctor-at-Home-featuring-a-green-color-scheme.-The-design-includes-a-stylized-house-integrated-with-a-stethoscope-forming-a-clean.webp\",\"width\":1024,\"height\":1024,\"caption\":\"24\/7 Doctor at home 0629509550\"},\"image\":{\"@id\":\"https:\/\/homedoctormaroc.com\/#\/schema\/logo\/image\/\"},\"sameAs\":[\"https:\/\/www.facebook.com\/profile.php?id=61573650699563\",\"https:\/\/x.com\/Medecinathome\"]}]}<\/script>\n<!-- \/ Yoast SEO plugin. -->","yoast_head_json":{"title":"A propos - m\u00e9decin \u00e0 domicile","robots":{"index":"index","follow":"follow","max-snippet":"max-snippet:-1","max-image-preview":"max-image-preview:large","max-video-preview":"max-video-preview:-1"},"canonical":"https:\/\/homedoctormaroc.com\/?page_id=44","og_locale":"fr_FR","og_type":"article","og_title":"A propos - m\u00e9decin \u00e0 domicile","og_url":"https:\/\/homedoctormaroc.com\/?page_id=44","og_site_name":"m\u00e9decin \u00e0 domicile","article_publisher":"https:\/\/www.facebook.com\/profile.php?id=61573650699563","article_modified_time":"2025-03-03T13:32:48+00:00","og_image":[{"width":1920,"height":1280,"url":"https:\/\/homedoctormaroc.com\/wp-content\/uploads\/2025\/03\/pexels-thirdman-7659572-1-scaled.webp","type":"image\/webp"}],"twitter_card":"summary_large_image","twitter_site":"@Medecinathome","twitter_misc":{"Dur\u00e9e de lecture estim\u00e9e":"2 minutes"},"schema":{"@context":"https:\/\/schema.org","@graph":[{"@type":"WebPage","@id":"https:\/\/homedoctormaroc.com\/?page_id=44","url":"https:\/\/homedoctormaroc.com\/?page_id=44","name":"A propos - m\u00e9decin \u00e0 domicile","isPartOf":{"@id":"https:\/\/homedoctormaroc.com\/#website"},"primaryImageOfPage":{"@id":"https:\/\/homedoctormaroc.com\/?page_id=44#primaryimage"},"image":{"@id":"https:\/\/homedoctormaroc.com\/?page_id=44#primaryimage"},"thumbnailUrl":"https:\/\/homedoctormaroc.com\/wp-content\/uploads\/2025\/03\/pexels-thirdman-7659572-1-scaled.jpg","datePublished":"2025-02-28T12:38:46+00:00","dateModified":"2025-03-03T13:32:48+00:00","breadcrumb":{"@id":"https:\/\/homedoctormaroc.com\/?page_id=44#breadcrumb"},"inLanguage":"fr-FR","potentialAction":[{"@type":"ReadAction","target":["https:\/\/homedoctormaroc.com\/?page_id=44"]}]},{"@type":"ImageObject","inLanguage":"fr-FR","@id":"https:\/\/homedoctormaroc.com\/?page_id=44#primaryimage","url":"https:\/\/homedoctormaroc.com\/wp-content\/uploads\/2025\/03\/pexels-thirdman-7659572-1-scaled.webp","contentUrl":"https:\/\/homedoctormaroc.com\/wp-content\/uploads\/2025\/03\/pexels-thirdman-7659572-1-scaled.webp","width":1920,"height":1280},{"@type":"BreadcrumbList","@id":"https:\/\/homedoctormaroc.com\/?page_id=44#breadcrumb","itemListElement":[{"@type":"ListItem","position":1,"name":"Accueil","item":"https:\/\/homedoctormaroc.com\/"},{"@type":"ListItem","position":2,"name":"A propos"}]},{"@type":"WebSite","@id":"https:\/\/homedoctormaroc.com\/#website","url":"https:\/\/homedoctormaroc.com\/","name":"m\u00e9decin \u00e0 domicile Tanger","description":"m\u00e9decins \u00e0 domicile","publisher":{"@id":"https:\/\/homedoctormaroc.com\/#organization"},"potentialAction":[{"@type":"SearchAction","target":{"@type":"EntryPoint","urlTemplate":"https:\/\/homedoctormaroc.com\/?s={search_term_string}"},"query-input":{"@type":"PropertyValueSpecification","valueRequired":true,"valueName":"search_term_string"}}],"inLanguage":"fr-FR"},{"@type":"Organization","@id":"https:\/\/homedoctormaroc.com\/#organization","name":"24\/7 Doctor at home 0629509550","url":"https:\/\/homedoctormaroc.com\/","logo":{"@type":"ImageObject","inLanguage":"fr-FR","@id":"https:\/\/homedoctormaroc.com\/#\/schema\/logo\/image\/","url":"https:\/\/homedoctormaroc.com\/wp-content\/uploads\/2025\/03\/DALL\u00b7E-2025-03-01-02.58.36-A-modern-logo-for-Doctor-at-Home-featuring-a-green-color-scheme.-The-design-includes-a-stylized-house-integrated-with-a-stethoscope-forming-a-clean.webp","contentUrl":"https:\/\/homedoctormaroc.com\/wp-content\/uploads\/2025\/03\/DALL\u00b7E-2025-03-01-02.58.36-A-modern-logo-for-Doctor-at-Home-featuring-a-green-color-scheme.-The-design-includes-a-stylized-house-integrated-with-a-stethoscope-forming-a-clean.webp","width":1024,"height":1024,"caption":"24\/7 Doctor at home 0629509550"},"image":{"@id":"https:\/\/homedoctormaroc.com\/#\/schema\/logo\/image\/"},"sameAs":["https:\/\/www.facebook.com\/profile.php?id=61573650699563","https:\/\/x.com\/Medecinathome"]}]}},"_links":{"self":[{"href":"https:\/\/homedoctormaroc.com\/index.php?rest_route=\/wp\/v2\/pages\/44","targetHints":{"allow":["GET"]}}],"collection":[{"href":"https:\/\/homedoctormaroc.com\/index.php?rest_route=\/wp\/v2\/pages"}],"about":[{"href":"https:\/\/homedoctormaroc.com\/index.php?rest_route=\/wp\/v2\/types\/page"}],"author":[{"embeddable":true,"href":"https:\/\/homedoctormaroc.com\/index.php?rest_route=\/wp\/v2\/users\/1"}],"replies":[{"embeddable":true,"href":"https:\/\/homedoctormaroc.com\/index.php?rest_route=%2Fwp%2Fv2%2Fcomments&post=44"}],"version-history":[{"count":9,"href":"https:\/\/homedoctormaroc.com\/index.php?rest_route=\/wp\/v2\/pages\/44\/revisions"}],"predecessor-version":[{"id":186,"href":"https:\/\/homedoctormaroc.com\/index.php?rest_route=\/wp\/v2\/pages\/44\/revisions\/186"}],"wp:attachment":[{"href":"https:\/\/homedoctormaroc.com\/index.php?rest_route=%2Fwp%2Fv2%2Fmedia&parent=44"}],"curies":[{"name":"wp","href":"https:\/\/api.w.org\/{rel}","templated":true}]}}