{"id":46,"date":"2025-02-28T12:39:06","date_gmt":"2025-02-28T12:39:06","guid":{"rendered":"https:\/\/homedoctormaroc.com\/?page_id=46"},"modified":"2025-07-09T10:13:57","modified_gmt":"2025-07-09T09:13:57","slug":"services","status":"publish","type":"page","link":"https:\/\/homedoctormaroc.com\/?page_id=46","title":{"rendered":"Services"},"content":{"rendered":"\n<div class=\"wp-block-cover alignfull is-light\" style=\"margin-top:0;margin-bottom:0;padding-bottom:20vh;min-height:100vh;aspect-ratio:unset;\"><span aria-hidden=\"true\" class=\"wp-block-cover__background has-background-dim-40 has-background-dim\" style=\"background-color:#3f4a49\"><\/span><img fetchpriority=\"high\" decoding=\"async\" width=\"1920\" height=\"1315\" class=\"wp-block-cover__image-background wp-image-80\" alt=\"\" src=\"https:\/\/homedoctormaroc.com\/wp-content\/uploads\/2025\/03\/luis-melendez-Pd4lRfKo16U-unsplash-scaled.webp\" data-object-fit=\"cover\" srcset=\"https:\/\/homedoctormaroc.com\/wp-content\/uploads\/2025\/03\/luis-melendez-Pd4lRfKo16U-unsplash-scaled.webp 1920w, https:\/\/homedoctormaroc.com\/wp-content\/uploads\/2025\/03\/luis-melendez-Pd4lRfKo16U-unsplash-300x205.webp 300w, https:\/\/homedoctormaroc.com\/wp-content\/uploads\/2025\/03\/luis-melendez-Pd4lRfKo16U-unsplash-1024x701.webp 1024w, https:\/\/homedoctormaroc.com\/wp-content\/uploads\/2025\/03\/luis-melendez-Pd4lRfKo16U-unsplash-768x526.webp 768w, https:\/\/homedoctormaroc.com\/wp-content\/uploads\/2025\/03\/luis-melendez-Pd4lRfKo16U-unsplash-1536x1052.webp 1536w\" sizes=\"(max-width: 1920px) 100vw, 1920px\" \/><div class=\"wp-block-cover__inner-container has-global-padding is-layout-constrained wp-container-core-cover-is-layout-0709cc71 wp-block-cover-is-layout-constrained\">\n<div class=\"wp-block-columns is-layout-flex wp-container-core-columns-is-layout-28f84493 wp-block-columns-is-layout-flex\">\n<div class=\"wp-block-column is-layout-flow wp-block-column-is-layout-flow\">\n<h2 class=\"wp-block-heading has-text-align-center has-text-color\" style=\"color:#ffffff;margin-top:60px;margin-bottom:0px;font-size:clamp(29.768px, 1.861rem + ((1vw - 3.2px) * 2.526), 52px);font-style:normal;font-weight:400;line-height:1.2\">Des Soins M\u00e9dicaux \u00e0 Domicile, Faciles et Personnalis\u00e9s!<\/h2>\n<\/div>\n<\/div>\n<\/div><\/div>\n\n\n\n<div class=\"wp-block-cover alignfull is-light has-custom-body-text-color-color has-text-color\" style=\"padding-top:96px;padding-bottom:96px\"><span aria-hidden=\"true\" class=\"wp-block-cover__background has-base-background-color has-background-dim-0 has-background-dim\"><\/span><div class=\"wp-block-cover__inner-container has-global-padding is-layout-constrained wp-container-core-cover-is-layout-e1aa79fa wp-block-cover-is-layout-constrained\">\n<h2 class=\"wp-block-heading has-text-align-center has-text-color\" style=\"color:#000000;padding-bottom:160px;font-size:clamp(29.768px, 1.861rem + ((1vw - 3.2px) * 2.526), 52px);font-style:normal;font-weight:400;line-height:1.2\">Nos Services<\/h2>\n\n\n\n<div class=\"wp-block-columns is-layout-flex wp-container-core-columns-is-layout-d8416829 wp-block-columns-is-layout-flex\" style=\"margin-top:0px;margin-bottom:70px;padding-top:0px;padding-bottom:0px\">\n<div class=\"wp-block-column is-layout-flow wp-block-column-is-layout-flow\">\n<figure class=\"wp-block-image aligncenter size-full is-resized\"><img decoding=\"async\" src=\"https:\/\/tyler.com\/wp-content\/uploads\/2023\/10\/counseling.png\" alt=\"\" class=\"wp-image-2751\" style=\"width:80px;height:undefinedpx\"\/><\/figure>\n\n\n\n<h3 class=\"wp-block-heading has-text-align-center has-text-color\" style=\"color:#000000;padding-top:20px;padding-bottom:20px;font-size:clamp(17.371px, 1.086rem + ((1vw - 3.2px) * 1.094), 27px);font-style:normal;font-weight:400;line-height:1.5\">Consultations G\u00e9n\u00e9rales<\/h3>\n\n\n\n<p class=\"has-text-align-center has-text-color has-link-color wp-elements-eb89e2b4bdc8d0da020cd8afa5cd3dcb\" style=\"color:#000000;font-size:clamp(14px, 0.875rem + ((1vw - 3.2px) * 0.455), 18px);\">Nos consultations g\u00e9n\u00e9rales vous offrent un acc\u00e8s facile \u00e0 des soins m\u00e9dicaux de qualit\u00e9, dans le confort de votre foyer. Que ce soit pour un examen de routine ou un conseil sant\u00e9, notre \u00e9quipe est pr\u00eate \u00e0 vous \u00e9couter et \u00e0 vous fournir des solutions personnalis\u00e9es adapt\u00e9es \u00e0 vos besoins.<\/p>\n\n\n\n<p class=\"has-text-align-center has-text-color\" style=\"color:#000000;font-size:clamp(14px, 0.875rem + ((1vw - 3.2px) * 0.455), 18px);line-height:1.6\"><\/p>\n<\/div>\n\n\n\n<div class=\"wp-block-column is-layout-flow wp-block-column-is-layout-flow\">\n<figure class=\"wp-block-image aligncenter size-full is-resized\"><img decoding=\"async\" src=\"https:\/\/tyler.com\/wp-content\/uploads\/2023\/10\/mental-illness.png\" alt=\"\" class=\"wp-image-2752\" style=\"width:80px;height:undefinedpx\"\/><\/figure>\n\n\n\n<h3 class=\"wp-block-heading has-text-align-center has-text-color\" style=\"color:#000000;padding-top:20px;padding-bottom:20px;font-size:clamp(17.371px, 1.086rem + ((1vw - 3.2px) * 1.094), 27px);font-style:normal;font-weight:400;line-height:1.5\">Soins Sp\u00e9cialis\u00e9s<\/h3>\n\n\n\n<p class=\"has-text-align-center has-text-color has-link-color wp-elements-0733f7baec9a900c14e913edca06976a\" style=\"color:#000000;font-size:clamp(14px, 0.875rem + ((1vw - 3.2px) * 0.455), 18px);\">Nos soins sp\u00e9cialis\u00e9s r\u00e9pondent \u00e0 des besoins m\u00e9dicaux sp\u00e9cifiques. Que vous ayez besoin d\u02bcune gestion de maladie chronique ou d\u02bcun suivi apr\u00e8s une op\u00e9ration, nos professionnels qualifi\u00e9s viennent chez vous pour vous offrir des soins adapt\u00e9s et attentionn\u00e9s, tout en vous garantissant un maximum de confort.<\/p>\n\n\n\n<p class=\"has-text-align-center has-text-color\" style=\"color:#000000;font-size:clamp(14px, 0.875rem + ((1vw - 3.2px) * 0.455), 18px);line-height:1.6\"><\/p>\n<\/div>\n<\/div>\n\n\n\n<div class=\"wp-block-columns is-layout-flex wp-container-core-columns-is-layout-514d226b wp-block-columns-is-layout-flex\" style=\"padding-top:40px;padding-bottom:0px\">\n<div class=\"wp-block-column is-layout-flow wp-block-column-is-layout-flow\">\n<figure class=\"wp-block-image aligncenter size-full is-resized\"><img decoding=\"async\" src=\"https:\/\/tyler.com\/wp-content\/uploads\/2023\/10\/therapy.png\" alt=\"\" class=\"wp-image-2753\" style=\"width:80px;height:undefinedpx\"\/><\/figure>\n\n\n\n<h3 class=\"wp-block-heading has-text-align-center has-text-color\" style=\"color:#000000;padding-top:20px;padding-bottom:20px;font-size:clamp(17.371px, 1.086rem + ((1vw - 3.2px) * 1.094), 27px);font-style:normal;font-weight:400;line-height:1.5\">Vaccins \u00e0 Domicile<\/h3>\n\n\n\n<p class=\"has-text-align-center has-text-color has-link-color wp-elements-7d688d8c34b2e82bb966c09aed8a18d4\" style=\"color:#000000;font-size:clamp(14px, 0.875rem + ((1vw - 3.2px) * 0.455), 18px);\">Avec notre service de vaccins \u00e0 domicile, nous facilitons la protection de votre sant\u00e9. Que ce soit pour des vaccins de routine ou des mises \u00e0 jour, notre \u00e9quipe se d\u00e9place chez vous pour vous administrer les vaccins n\u00e9cessaires en toute s\u00e9curit\u00e9 et avec soin, tout en vous \u00e9pargnant les d\u00e9placements.<\/p>\n\n\n\n<p class=\"has-text-align-center has-text-color\" style=\"color:#000000;font-size:clamp(14px, 0.875rem + ((1vw - 3.2px) * 0.455), 18px);line-height:1.6\"><\/p>\n<\/div>\n\n\n\n<div class=\"wp-block-column is-layout-flow wp-block-column-is-layout-flow\">\n<figure class=\"wp-block-image aligncenter size-full is-resized\"><img decoding=\"async\" src=\"https:\/\/tyler.com\/wp-content\/uploads\/2023\/10\/virtual-assistant.png\" alt=\"\" class=\"wp-image-2754\" style=\"width:80px;height:undefinedpx\"\/><\/figure>\n\n\n\n<h3 class=\"wp-block-heading has-text-align-center has-text-color\" style=\"color:#000000;padding-top:20px;padding-bottom:20px;font-size:clamp(17.371px, 1.086rem + ((1vw - 3.2px) * 1.094), 27px);font-style:normal;font-weight:400;line-height:1.5\">Soutien Psychologique<\/h3>\n\n\n\n<p class=\"has-text-align-center has-text-color has-link-color wp-elements-b516527c9c06f1e828a0f9f972fefc37\" style=\"color:#000000;font-size:clamp(14px, 0.875rem + ((1vw - 3.2px) * 0.455), 18px);\">Notre service de soutien psychologique vous offre un espace s\u00fbr pour parler de vos pr\u00e9occupations. Que vous traversiez une p\u00e9riode difficile ou que vous souhaitiez simplement discuter, nos professionnels sont l\u00e0 pour vous \u00e9couter et vous offrir des conseils personnalis\u00e9s, tout dans le confort de votre maison.<\/p>\n\n\n\n<p class=\"has-text-align-center has-text-color\" style=\"color:#000000;font-size:clamp(14px, 0.875rem + ((1vw - 3.2px) * 0.455), 18px);line-height:1.6\"><\/p>\n<\/div>\n<\/div>\n<\/div><\/div>\n\n\n\n<div class=\"wp-block-cover alignfull is-light\" style=\"margin-top:0px;margin-bottom:0px;padding-top:116px;padding-bottom:116px;min-height:66vh;aspect-ratio:unset;\"><span aria-hidden=\"true\" class=\"wp-block-cover__background has-background-dim-100 has-background-dim\" style=\"background-color:#dcd9d0\"><\/span><div class=\"wp-block-cover__inner-container has-global-padding is-layout-constrained wp-container-core-cover-is-layout-92cff959 wp-block-cover-is-layout-constrained\">\n<div class=\"wp-block-columns is-layout-flex wp-container-core-columns-is-layout-28f84493 wp-block-columns-is-layout-flex\">\n<div class=\"wp-block-column is-layout-flow wp-block-column-is-layout-flow\" style=\"flex-basis:50%\">\n<figure class=\"wp-block-image size-full\"><img decoding=\"async\" src=\"https:\/\/tyler.com\/wp-content\/uploads\/2023\/11\/river-services-image1.jpg\" alt=\"\" class=\"wp-image-1711\" style=\"aspect-ratio:4\/3;object-fit:cover\"\/><\/figure>\n<\/div>\n\n\n\n<div class=\"wp-block-column has-base-background-color has-background is-layout-flow wp-block-column-is-layout-flow\" style=\"padding-top:60px;padding-right:60px;padding-bottom:60px;padding-left:60px\">\n<p class=\"has-text-color has-link-color wp-elements-f515cf2b11366d5cb3259d48516f849e\" style=\"color:#000000;font-size:clamp(22.041px, 1.378rem + ((1vw - 3.2px) * 1.586), 36px);line-height:1.3\">Les soins \u00e0 domicile ont vraiment chang\u00e9 ma vie. Je me sens \u00e9cout\u00e9 et bien pris en charge, sans stress de d\u00e9placement.<\/p>\n\n\n\n<p class=\"has-text-color\" style=\"color:#000000;font-size:clamp(14px, 0.875rem + ((1vw - 3.2px) * 0.455), 18px);line-height:1.6;text-transform:uppercase\">Marie , Maman de 2 enfants <\/p>\n<\/div>\n<\/div>\n<\/div><\/div>\n\n\n\n<div class=\"wp-block-cover alignfull\" style=\"margin-top:0px;margin-bottom:0px;padding-top:140px;padding-bottom:140px;min-height:66vh;aspect-ratio:unset;\"><span aria-hidden=\"true\" class=\"wp-block-cover__background has-background-dim-100 has-background-dim\" style=\"background-color:#495a58\"><\/span><div class=\"wp-block-cover__inner-container has-global-padding is-layout-constrained wp-container-core-cover-is-layout-627cf82b wp-block-cover-is-layout-constrained\">\n<h2 class=\"wp-block-heading has-text-align-center has-text-color\" style=\"color:#ffffff;padding-top:0;padding-bottom:0;font-size:clamp(29.768px, 1.861rem + ((1vw - 3.2px) * 2.526), 52px);font-style:normal;font-weight:400;line-height:1\">Contactez-Nous pour des Soins Personnalis\u00e9s<\/h2>\n\n\n\n<h2 class=\"wp-block-heading has-text-align-center has-text-color has-link-color wp-elements-ce9a86c3f26bd02c3e8fa445c4cc95c7\" style=\"color:#ffffff;padding-top:0;padding-bottom:0;font-size:clamp(29.768px, 1.861rem + ((1vw - 3.2px) * 2.526), 52px);font-style:normal;font-weight:400;line-height:1\"><a href=\"https:\/\/homedoctormaroc.com\/?page_id=48\" data-type=\"page\" data-id=\"48\">Demandez un RDV<\/a><\/h2>\n<\/div><\/div>\n","protected":false},"excerpt":{"rendered":"","protected":false},"author":1,"featured_media":0,"parent":0,"menu_order":0,"comment_status":"closed","ping_status":"closed","template":"","meta":{"footnotes":""},"class_list":["post-46","page","type-page","status-publish","hentry"],"yoast_head":"<!-- This site is optimized with the Yoast SEO plugin v24.5 - https:\/\/yoast.com\/wordpress\/plugins\/seo\/ -->\n<title>Services - m\u00e9decin \u00e0 domicile<\/title>\n<meta name=\"robots\" content=\"index, follow, max-snippet:-1, max-image-preview:large, max-video-preview:-1\" \/>\n<link rel=\"canonical\" href=\"https:\/\/homedoctormaroc.com\/?page_id=46\" \/>\n<meta property=\"og:locale\" content=\"fr_FR\" \/>\n<meta property=\"og:type\" content=\"article\" \/>\n<meta property=\"og:title\" content=\"Services - m\u00e9decin \u00e0 domicile\" \/>\n<meta property=\"og:url\" content=\"https:\/\/homedoctormaroc.com\/?page_id=46\" \/>\n<meta property=\"og:site_name\" content=\"m\u00e9decin \u00e0 domicile\" \/>\n<meta property=\"article:publisher\" content=\"https:\/\/www.facebook.com\/profile.php?id=61573650699563\" \/>\n<meta property=\"article:modified_time\" content=\"2025-07-09T09:13:57+00:00\" \/>\n<meta property=\"og:image\" content=\"https:\/\/homedoctormaroc.com\/wp-content\/uploads\/2025\/03\/luis-melendez-Pd4lRfKo16U-unsplash-scaled.webp\" \/>\n\t<meta property=\"og:image:width\" content=\"1920\" \/>\n\t<meta property=\"og:image:height\" content=\"1315\" \/>\n\t<meta property=\"og:image:type\" content=\"image\/webp\" \/>\n<meta name=\"twitter:card\" content=\"summary_large_image\" \/>\n<meta name=\"twitter:site\" content=\"@Medecinathome\" \/>\n<meta name=\"twitter:label1\" content=\"Dur\u00e9e de lecture estim\u00e9e\" \/>\n\t<meta name=\"twitter:data1\" content=\"3 minutes\" \/>\n<script type=\"application\/ld+json\" class=\"yoast-schema-graph\">{\"@context\":\"https:\/\/schema.org\",\"@graph\":[{\"@type\":\"WebPage\",\"@id\":\"https:\/\/homedoctormaroc.com\/?page_id=46\",\"url\":\"https:\/\/homedoctormaroc.com\/?page_id=46\",\"name\":\"Services - m\u00e9decin \u00e0 domicile\",\"isPartOf\":{\"@id\":\"https:\/\/homedoctormaroc.com\/#website\"},\"primaryImageOfPage\":{\"@id\":\"https:\/\/homedoctormaroc.com\/?page_id=46#primaryimage\"},\"image\":{\"@id\":\"https:\/\/homedoctormaroc.com\/?page_id=46#primaryimage\"},\"thumbnailUrl\":\"https:\/\/homedoctormaroc.com\/wp-content\/uploads\/2025\/03\/luis-melendez-Pd4lRfKo16U-unsplash-scaled.webp\",\"datePublished\":\"2025-02-28T12:39:06+00:00\",\"dateModified\":\"2025-07-09T09:13:57+00:00\",\"breadcrumb\":{\"@id\":\"https:\/\/homedoctormaroc.com\/?page_id=46#breadcrumb\"},\"inLanguage\":\"fr-FR\",\"potentialAction\":[{\"@type\":\"ReadAction\",\"target\":[\"https:\/\/homedoctormaroc.com\/?page_id=46\"]}]},{\"@type\":\"ImageObject\",\"inLanguage\":\"fr-FR\",\"@id\":\"https:\/\/homedoctormaroc.com\/?page_id=46#primaryimage\",\"url\":\"https:\/\/homedoctormaroc.com\/wp-content\/uploads\/2025\/03\/luis-melendez-Pd4lRfKo16U-unsplash-scaled.webp\",\"contentUrl\":\"https:\/\/homedoctormaroc.com\/wp-content\/uploads\/2025\/03\/luis-melendez-Pd4lRfKo16U-unsplash-scaled.webp\",\"width\":1920,\"height\":1315},{\"@type\":\"BreadcrumbList\",\"@id\":\"https:\/\/homedoctormaroc.com\/?page_id=46#breadcrumb\",\"itemListElement\":[{\"@type\":\"ListItem\",\"position\":1,\"name\":\"Accueil\",\"item\":\"https:\/\/homedoctormaroc.com\/\"},{\"@type\":\"ListItem\",\"position\":2,\"name\":\"Services\"}]},{\"@type\":\"WebSite\",\"@id\":\"https:\/\/homedoctormaroc.com\/#website\",\"url\":\"https:\/\/homedoctormaroc.com\/\",\"name\":\"m\u00e9decin \u00e0 domicile Tanger\",\"description\":\"m\u00e9decins \u00e0 domicile\",\"publisher\":{\"@id\":\"https:\/\/homedoctormaroc.com\/#organization\"},\"potentialAction\":[{\"@type\":\"SearchAction\",\"target\":{\"@type\":\"EntryPoint\",\"urlTemplate\":\"https:\/\/homedoctormaroc.com\/?s={search_term_string}\"},\"query-input\":{\"@type\":\"PropertyValueSpecification\",\"valueRequired\":true,\"valueName\":\"search_term_string\"}}],\"inLanguage\":\"fr-FR\"},{\"@type\":\"Organization\",\"@id\":\"https:\/\/homedoctormaroc.com\/#organization\",\"name\":\"24\/7 Doctor at home 0629509550\",\"url\":\"https:\/\/homedoctormaroc.com\/\",\"logo\":{\"@type\":\"ImageObject\",\"inLanguage\":\"fr-FR\",\"@id\":\"https:\/\/homedoctormaroc.com\/#\/schema\/logo\/image\/\",\"url\":\"https:\/\/homedoctormaroc.com\/wp-content\/uploads\/2025\/03\/DALL\u00b7E-2025-03-01-02.58.36-A-modern-logo-for-Doctor-at-Home-featuring-a-green-color-scheme.-The-design-includes-a-stylized-house-integrated-with-a-stethoscope-forming-a-clean.webp\",\"contentUrl\":\"https:\/\/homedoctormaroc.com\/wp-content\/uploads\/2025\/03\/DALL\u00b7E-2025-03-01-02.58.36-A-modern-logo-for-Doctor-at-Home-featuring-a-green-color-scheme.-The-design-includes-a-stylized-house-integrated-with-a-stethoscope-forming-a-clean.webp\",\"width\":1024,\"height\":1024,\"caption\":\"24\/7 Doctor at home 0629509550\"},\"image\":{\"@id\":\"https:\/\/homedoctormaroc.com\/#\/schema\/logo\/image\/\"},\"sameAs\":[\"https:\/\/www.facebook.com\/profile.php?id=61573650699563\",\"https:\/\/x.com\/Medecinathome\"]}]}<\/script>\n<!-- \/ Yoast SEO plugin. -->","yoast_head_json":{"title":"Services - m\u00e9decin \u00e0 domicile","robots":{"index":"index","follow":"follow","max-snippet":"max-snippet:-1","max-image-preview":"max-image-preview:large","max-video-preview":"max-video-preview:-1"},"canonical":"https:\/\/homedoctormaroc.com\/?page_id=46","og_locale":"fr_FR","og_type":"article","og_title":"Services - m\u00e9decin \u00e0 domicile","og_url":"https:\/\/homedoctormaroc.com\/?page_id=46","og_site_name":"m\u00e9decin \u00e0 domicile","article_publisher":"https:\/\/www.facebook.com\/profile.php?id=61573650699563","article_modified_time":"2025-07-09T09:13:57+00:00","og_image":[{"width":1920,"height":1315,"url":"https:\/\/homedoctormaroc.com\/wp-content\/uploads\/2025\/03\/luis-melendez-Pd4lRfKo16U-unsplash-scaled.webp","type":"image\/webp"}],"twitter_card":"summary_large_image","twitter_site":"@Medecinathome","twitter_misc":{"Dur\u00e9e de lecture estim\u00e9e":"3 minutes"},"schema":{"@context":"https:\/\/schema.org","@graph":[{"@type":"WebPage","@id":"https:\/\/homedoctormaroc.com\/?page_id=46","url":"https:\/\/homedoctormaroc.com\/?page_id=46","name":"Services - m\u00e9decin \u00e0 domicile","isPartOf":{"@id":"https:\/\/homedoctormaroc.com\/#website"},"primaryImageOfPage":{"@id":"https:\/\/homedoctormaroc.com\/?page_id=46#primaryimage"},"image":{"@id":"https:\/\/homedoctormaroc.com\/?page_id=46#primaryimage"},"thumbnailUrl":"https:\/\/homedoctormaroc.com\/wp-content\/uploads\/2025\/03\/luis-melendez-Pd4lRfKo16U-unsplash-scaled.webp","datePublished":"2025-02-28T12:39:06+00:00","dateModified":"2025-07-09T09:13:57+00:00","breadcrumb":{"@id":"https:\/\/homedoctormaroc.com\/?page_id=46#breadcrumb"},"inLanguage":"fr-FR","potentialAction":[{"@type":"ReadAction","target":["https:\/\/homedoctormaroc.com\/?page_id=46"]}]},{"@type":"ImageObject","inLanguage":"fr-FR","@id":"https:\/\/homedoctormaroc.com\/?page_id=46#primaryimage","url":"https:\/\/homedoctormaroc.com\/wp-content\/uploads\/2025\/03\/luis-melendez-Pd4lRfKo16U-unsplash-scaled.webp","contentUrl":"https:\/\/homedoctormaroc.com\/wp-content\/uploads\/2025\/03\/luis-melendez-Pd4lRfKo16U-unsplash-scaled.webp","width":1920,"height":1315},{"@type":"BreadcrumbList","@id":"https:\/\/homedoctormaroc.com\/?page_id=46#breadcrumb","itemListElement":[{"@type":"ListItem","position":1,"name":"Accueil","item":"https:\/\/homedoctormaroc.com\/"},{"@type":"ListItem","position":2,"name":"Services"}]},{"@type":"WebSite","@id":"https:\/\/homedoctormaroc.com\/#website","url":"https:\/\/homedoctormaroc.com\/","name":"m\u00e9decin \u00e0 domicile Tanger","description":"m\u00e9decins \u00e0 domicile","publisher":{"@id":"https:\/\/homedoctormaroc.com\/#organization"},"potentialAction":[{"@type":"SearchAction","target":{"@type":"EntryPoint","urlTemplate":"https:\/\/homedoctormaroc.com\/?s={search_term_string}"},"query-input":{"@type":"PropertyValueSpecification","valueRequired":true,"valueName":"search_term_string"}}],"inLanguage":"fr-FR"},{"@type":"Organization","@id":"https:\/\/homedoctormaroc.com\/#organization","name":"24\/7 Doctor at home 0629509550","url":"https:\/\/homedoctormaroc.com\/","logo":{"@type":"ImageObject","inLanguage":"fr-FR","@id":"https:\/\/homedoctormaroc.com\/#\/schema\/logo\/image\/","url":"https:\/\/homedoctormaroc.com\/wp-content\/uploads\/2025\/03\/DALL\u00b7E-2025-03-01-02.58.36-A-modern-logo-for-Doctor-at-Home-featuring-a-green-color-scheme.-The-design-includes-a-stylized-house-integrated-with-a-stethoscope-forming-a-clean.webp","contentUrl":"https:\/\/homedoctormaroc.com\/wp-content\/uploads\/2025\/03\/DALL\u00b7E-2025-03-01-02.58.36-A-modern-logo-for-Doctor-at-Home-featuring-a-green-color-scheme.-The-design-includes-a-stylized-house-integrated-with-a-stethoscope-forming-a-clean.webp","width":1024,"height":1024,"caption":"24\/7 Doctor at home 0629509550"},"image":{"@id":"https:\/\/homedoctormaroc.com\/#\/schema\/logo\/image\/"},"sameAs":["https:\/\/www.facebook.com\/profile.php?id=61573650699563","https:\/\/x.com\/Medecinathome"]}]}},"_links":{"self":[{"href":"https:\/\/homedoctormaroc.com\/index.php?rest_route=\/wp\/v2\/pages\/46","targetHints":{"allow":["GET"]}}],"collection":[{"href":"https:\/\/homedoctormaroc.com\/index.php?rest_route=\/wp\/v2\/pages"}],"about":[{"href":"https:\/\/homedoctormaroc.com\/index.php?rest_route=\/wp\/v2\/types\/page"}],"author":[{"embeddable":true,"href":"https:\/\/homedoctormaroc.com\/index.php?rest_route=\/wp\/v2\/users\/1"}],"replies":[{"embeddable":true,"href":"https:\/\/homedoctormaroc.com\/index.php?rest_route=%2Fwp%2Fv2%2Fcomments&post=46"}],"version-history":[{"count":7,"href":"https:\/\/homedoctormaroc.com\/index.php?rest_route=\/wp\/v2\/pages\/46\/revisions"}],"predecessor-version":[{"id":204,"href":"https:\/\/homedoctormaroc.com\/index.php?rest_route=\/wp\/v2\/pages\/46\/revisions\/204"}],"wp:attachment":[{"href":"https:\/\/homedoctormaroc.com\/index.php?rest_route=%2Fwp%2Fv2%2Fmedia&parent=46"}],"curies":[{"name":"wp","href":"https:\/\/api.w.org\/{rel}","templated":true}]}}